{"id":16,"date":"2023-11-27T08:49:45","date_gmt":"2023-11-27T08:49:45","guid":{"rendered":"https:\/\/tehnickaskolamedvedja.edu.rs\/?page_id=16"},"modified":"2025-04-28T09:39:26","modified_gmt":"2025-04-28T09:39:26","slug":"podrska-ucenicima","status":"publish","type":"page","link":"https:\/\/tehnickaskolamedvedja.edu.rs\/?page_id=16","title":{"rendered":"PODR\u0160KA U\u010cENICIMA"},"content":{"rendered":"\n<p>Korisne informacije za izradu maturskih radova za u\u010denike ma\u0161inskih tehni\u010dara motornih vozila nalaze se na ovoj stranici <\/p>\n\n\n\n<div class=\"wp-block-file\"><a id=\"wp-block-file--media-0e46f861-f36b-4930-88c8-001cdcf58eaf\" href=\"https:\/\/tehnickaskolamedvedja.edu.rs\/wp-content\/uploads\/2025\/04\/uputstvo_za_maturski_rad.doc\">Uputstvo_za_maturski_rad<\/a><a href=\"https:\/\/tehnickaskolamedvedja.edu.rs\/wp-content\/uploads\/2025\/04\/uputstvo_za_maturski_rad.doc\" class=\"wp-block-file__button wp-element-button\" download aria-describedby=\"wp-block-file--media-0e46f861-f36b-4930-88c8-001cdcf58eaf\">Download<\/a><\/div>\n\n\n\n<div class=\"wp-block-file\"><a id=\"wp-block-file--media-98e38648-3058-4178-a55e-181cece05585\" href=\"https:\/\/tehnickaskolamedvedja.edu.rs\/wp-content\/uploads\/2024\/04\/\u0418\u041d\u0424\u041e\u0420\u041c\u0410\u0422\u041e\u0420.docx\">Informacije o zavrsnim ispitima za masinske tehnicare motornih vozila<\/a><a href=\"https:\/\/tehnickaskolamedvedja.edu.rs\/wp-content\/uploads\/2024\/04\/\u0418\u041d\u0424\u041e\u0420\u041c\u0410\u0422\u041e\u0420.docx\" class=\"wp-block-file__button wp-element-button\" download aria-describedby=\"wp-block-file--media-98e38648-3058-4178-a55e-181cece05585\">Download<\/a><\/div>\n\n\n\n<div class=\"wp-block-file\"><a id=\"wp-block-file--media-86ac59a1-4992-469c-bf10-efc8c4e11190\" href=\"https:\/\/tehnickaskolamedvedja.edu.rs\/wp-content\/uploads\/2024\/04\/maturski-rad-primer.docx\">Sablon &#8211; maturski rad<\/a><a href=\"https:\/\/tehnickaskolamedvedja.edu.rs\/wp-content\/uploads\/2024\/04\/maturski-rad-primer.docx\" class=\"wp-block-file__button wp-element-button\" download aria-describedby=\"wp-block-file--media-86ac59a1-4992-469c-bf10-efc8c4e11190\">Download<\/a><\/div>\n\n\n\n<div class=\"wp-block-group\"><div class=\"wp-block-group__inner-container is-layout-constrained wp-block-group-is-layout-constrained\"><\/div><\/div>\n","protected":false},"excerpt":{"rendered":"<p>Korisne informacije za izradu maturskih radova za u\u010denike ma\u0161inskih tehni\u010dara motornih vozila nalaze se na ovoj stranici<\/p>\n","protected":false},"author":1,"featured_media":0,"parent":0,"menu_order":0,"comment_status":"closed","ping_status":"closed","template":"","meta":{"_regular_price":[],"currency_symbol":[],"_monsterinsights_skip_tracking":false,"_monsterinsights_sitenote_active":false,"_monsterinsights_sitenote_note":"","_monsterinsights_sitenote_category":0,"footnotes":""},"class_list":["post-16","page","type-page","status-publish","hentry"],"aioseo_notices":[],"post_slider_layout_featured_media_urls":{"thumbnail":"","post_slider_layout_landscape_large":"","post_slider_layout_portrait_large":"","post_slider_layout_square_large":"","post_slider_layout_landscape":"","post_slider_layout_portrait":"","post_slider_layout_square":"","full":""},"_links":{"self":[{"href":"https:\/\/tehnickaskolamedvedja.edu.rs\/index.php?rest_route=\/wp\/v2\/pages\/16","targetHints":{"allow":["GET"]}}],"collection":[{"href":"https:\/\/tehnickaskolamedvedja.edu.rs\/index.php?rest_route=\/wp\/v2\/pages"}],"about":[{"href":"https:\/\/tehnickaskolamedvedja.edu.rs\/index.php?rest_route=\/wp\/v2\/types\/page"}],"author":[{"embeddable":true,"href":"https:\/\/tehnickaskolamedvedja.edu.rs\/index.php?rest_route=\/wp\/v2\/users\/1"}],"replies":[{"embeddable":true,"href":"https:\/\/tehnickaskolamedvedja.edu.rs\/index.php?rest_route=%2Fwp%2Fv2%2Fcomments&post=16"}],"version-history":[{"count":6,"href":"https:\/\/tehnickaskolamedvedja.edu.rs\/index.php?rest_route=\/wp\/v2\/pages\/16\/revisions"}],"predecessor-version":[{"id":202,"href":"https:\/\/tehnickaskolamedvedja.edu.rs\/index.php?rest_route=\/wp\/v2\/pages\/16\/revisions\/202"}],"wp:attachment":[{"href":"https:\/\/tehnickaskolamedvedja.edu.rs\/index.php?rest_route=%2Fwp%2Fv2%2Fmedia&parent=16"}],"curies":[{"name":"wp","href":"https:\/\/api.w.org\/{rel}","templated":true}]}}