{"id":18,"date":"2023-11-27T08:49:45","date_gmt":"2023-11-27T08:49:45","guid":{"rendered":"https:\/\/tehnickaskolamedvedja.edu.rs\/?page_id=18"},"modified":"2024-02-19T19:04:33","modified_gmt":"2024-02-19T19:04:33","slug":"kontakt","status":"publish","type":"page","link":"https:\/\/tehnickaskolamedvedja.edu.rs\/?page_id=18","title":{"rendered":"KONTAKT"},"content":{"rendered":"\n<div class=\"wp-block-group\"><div class=\"wp-block-group__inner-container is-layout-constrained wp-block-group-is-layout-constrained\">\n<div class=\"wp-block-columns is-layout-flex wp-container-core-columns-is-layout-9d6595d7 wp-block-columns-is-layout-flex\">\n<div class=\"wp-block-column is-layout-flow wp-block-column-is-layout-flow\" style=\"flex-basis:100%\"><\/div>\n<\/div>\n<\/div><\/div>\n\n\n\n<div class=\"wp-block-columns is-layout-flex wp-container-core-columns-is-layout-9d6595d7 wp-block-columns-is-layout-flex\">\n<div class=\"wp-block-column is-layout-flow wp-block-column-is-layout-flow\">\n<h2 class=\"wp-block-heading\">Adresa \u0161kole:<br>Ul. Nikole Tesle br.1<br>Medve\u0111a 16240<br><br>Telefon \u0161kole:<br>(016) &nbsp;891 028<br><br>Elektronska po\u0161ta:&nbsp;<br>tsnikolateslamedvedja@gmail.com<\/h2>\n<\/div>\n\n\n\n<div class=\"wp-block-column is-layout-flow wp-block-column-is-layout-flow\">\n<div class=\"wp-block-ive-google-map alignnone ive_google_map_4153ec-d3\"><div id=\"overlay\" style=\"cursor:pointer\"><\/div><div class=\"ive-google-map__wrap\" id=\"ive-google-map-284153ec-d3cd-4836-8d4b-be995fb7b08c\"><iframe class=\"ive-google-map__iframe\" src=\"https:\/\/maps.google.com\/maps?q=Tehni%C4%8Dka%20%C5%A1kola%20Medvedja&amp;t=&amp;z=12&amp;ie=UTF8&amp;iwloc=&amp;output=embed\" style=\"height:300px;width:100%;opacity:1\"><\/iframe><\/div><\/div>\n<\/div>\n<\/div>\n\n\n\n<p><\/p>\n\n\n<div class=\"logged-out wp-block-loginout\"><a href=\"https:\/\/tehnickaskolamedvedja.edu.rs\/wp-login.php?redirect_to=https%3A%2F%2Ftehnickaskolamedvedja.edu.rs%2Findex.php%3Frest_route%3D%252Fwp%252Fv2%252Fpages%252F18\">Log in<\/a><\/div>","protected":false},"excerpt":{"rendered":"<p>Adresa \u0161kole:Ul. Nikole Tesle br.1Medve\u0111a 16240 Telefon \u0161kole:(016) &nbsp;891 028 Elektronska po\u0161ta:&nbsp;tsnikolateslamedvedja@gmail.com<\/p>\n","protected":false},"author":1,"featured_media":0,"parent":0,"menu_order":0,"comment_status":"closed","ping_status":"closed","template":"","meta":{"_regular_price":[],"currency_symbol":[],"_monsterinsights_skip_tracking":false,"_monsterinsights_sitenote_active":false,"_monsterinsights_sitenote_note":"","_monsterinsights_sitenote_category":0,"footnotes":""},"class_list":["post-18","page","type-page","status-publish","hentry"],"aioseo_notices":[],"post_slider_layout_featured_media_urls":{"thumbnail":"","post_slider_layout_landscape_large":"","post_slider_layout_portrait_large":"","post_slider_layout_square_large":"","post_slider_layout_landscape":"","post_slider_layout_portrait":"","post_slider_layout_square":"","full":""},"_links":{"self":[{"href":"https:\/\/tehnickaskolamedvedja.edu.rs\/index.php?rest_route=\/wp\/v2\/pages\/18","targetHints":{"allow":["GET"]}}],"collection":[{"href":"https:\/\/tehnickaskolamedvedja.edu.rs\/index.php?rest_route=\/wp\/v2\/pages"}],"about":[{"href":"https:\/\/tehnickaskolamedvedja.edu.rs\/index.php?rest_route=\/wp\/v2\/types\/page"}],"author":[{"embeddable":true,"href":"https:\/\/tehnickaskolamedvedja.edu.rs\/index.php?rest_route=\/wp\/v2\/users\/1"}],"replies":[{"embeddable":true,"href":"https:\/\/tehnickaskolamedvedja.edu.rs\/index.php?rest_route=%2Fwp%2Fv2%2Fcomments&post=18"}],"version-history":[{"count":14,"href":"https:\/\/tehnickaskolamedvedja.edu.rs\/index.php?rest_route=\/wp\/v2\/pages\/18\/revisions"}],"predecessor-version":[{"id":164,"href":"https:\/\/tehnickaskolamedvedja.edu.rs\/index.php?rest_route=\/wp\/v2\/pages\/18\/revisions\/164"}],"wp:attachment":[{"href":"https:\/\/tehnickaskolamedvedja.edu.rs\/index.php?rest_route=%2Fwp%2Fv2%2Fmedia&parent=18"}],"curies":[{"name":"wp","href":"https:\/\/api.w.org\/{rel}","templated":true}]}}