{"id":2,"date":"2016-05-10T03:48:21","date_gmt":"2016-05-10T03:48:21","guid":{"rendered":"http:\/\/tehnickaskolamedvedja.edu.rs\/?page_id=2"},"modified":"2024-07-04T07:02:55","modified_gmt":"2024-07-04T07:02:55","slug":"sample-page","status":"publish","type":"page","link":"https:\/\/tehnickaskolamedvedja.edu.rs\/?page_id=2","title":{"rendered":""},"content":{"rendered":"\n<p><\/p>\n\n\n\n<p><\/p>\n\n\n\n<p><\/p>\n\n\n\n<div class=\"wp-block-columns is-layout-flex wp-container-core-columns-is-layout-9d6595d7 wp-block-columns-is-layout-flex\">\n<div class=\"wp-block-column is-layout-flow wp-block-column-is-layout-flow\" style=\"flex-basis:25%\"><\/div>\n\n\n\n<div class=\"wp-block-column is-layout-flow wp-block-column-is-layout-flow\" style=\"flex-basis:50%\">\n<div class=\"wp-block-group is-vertical is-layout-flex wp-container-core-group-is-layout-8cf370e7 wp-block-group-is-layout-flex\">\n<p class=\"has-text-align-left\">\u0160kola je osnovana Odlukom SO-e Medve\u0111a br. 01-4046 od 20. avgusta 1964. godine pod naznvom &#8220;\u0160kola u\u010denika u privredi me\u0161ovitog tipa&#8221;.<\/p>\n\n\n\n<p class=\"has-text-align-left\">Kao \u0161kola za kvalifikovane radnike &#8220;Nikola Tesla&#8221; u Medve\u0111i registrovana je 22.01.1974. godine kod privrednog suda u Leskovcu. Ovo ime nosi do 30.05.1983. godine kada se registruje kao &#8211; Obrazovni centar &#8220;Nikola Tesla&#8221; u Medve\u0111i. Zbog usagla\u0161avanja sa pozitivnim zakonskim propisima 07.04.1989. godine kod Okru\u017enog privrednog suda u Leskovcu \u0161kola se registruje pod imenom &#8211; \u0160kola srednjeg usmerenog obrazovanja &#8220;Nikola Tesla&#8221; u Medve\u0111i.<\/p>\n\n\n\n<p class=\"has-text-align-left\">Na osnovu Zakona o javnim slu\u017ebama &#8211; Promena firme &#8211; \u0161kola je 11.11.1993. godine registrovana pod imenom Tehni\u010dka \u0161kola &#8220;Nikola Tesla&#8221; u Medve\u0111i koje i danas nosi.<br>U tehni\u010dkoj \u0161koli &#8220;Nikola Tesla&#8221; u Medve\u0111i su slede\u0107a zanimanja:<\/p>\n\n\n\n<p class=\"has-text-align-left\">Ekonomski tehni\u010dar IV stepen, u nastavi na srpskom i albanskom nastavnom jeziku;<\/p>\n\n\n\n<p class=\"has-text-align-left\">Ma\u0161inski tehni\u010dar motornih vozila IV stepen, u nastavi na srpskom nastasvnom jeziku;<\/p>\n\n\n\n<p class=\"has-text-align-left\">Voza\u010d motornih vozila III stepen, u nastavi na srpskom nastavnom jeziku;<\/p>\n<\/div>\n\n\n\n<figure class=\"wp-block-image size-full\"><img loading=\"lazy\" decoding=\"async\" width=\"800\" height=\"600\" src=\"http:\/\/tehnickaskolamedvedja.edu.rs\/wp-content\/uploads\/2023\/12\/tehnicka-skola-medvedja.jpg\" alt=\"\" class=\"wp-image-56\" srcset=\"https:\/\/tehnickaskolamedvedja.edu.rs\/wp-content\/uploads\/2023\/12\/tehnicka-skola-medvedja.jpg 800w, https:\/\/tehnickaskolamedvedja.edu.rs\/wp-content\/uploads\/2023\/12\/tehnicka-skola-medvedja-300x225.jpg 300w, https:\/\/tehnickaskolamedvedja.edu.rs\/wp-content\/uploads\/2023\/12\/tehnicka-skola-medvedja-768x576.jpg 768w\" sizes=\"auto, (max-width: 800px) 100vw, 800px\" \/><\/figure>\n<\/div>\n\n\n\n<div class=\"wp-block-column is-vertically-aligned-stretch is-layout-flow wp-block-column-is-layout-flow\" style=\"flex-basis:25%\"><div class=\"wp-block-image\">\n<figure class=\"aligncenter size-full\"><a href=\"https:\/\/prosveta.gov.rs\/prosveta\/srednje-obrazovanje\/\"><img loading=\"lazy\" decoding=\"async\" width=\"150\" height=\"112\" src=\"http:\/\/tehnickaskolamedvedja.edu.rs\/wp-content\/uploads\/2024\/02\/Logo-Ministarstva-prosvete-1-1.png\" alt=\"\" class=\"wp-image-143\"\/><\/a><\/figure>\n<\/div>\n\n<div class=\"wp-block-image\">\n<figure class=\"aligncenter size-full\"><a href=\"https:\/\/zuov.gov.rs\/\"><img loading=\"lazy\" decoding=\"async\" width=\"237\" height=\"160\" src=\"https:\/\/tehnickaskolamedvedja.edu.rs\/wp-content\/uploads\/2024\/02\/\u043f\u0440\u0435\u0443\u0437\u0438\u043c\u0430\u045a\u0435.jpg\" alt=\"\" class=\"wp-image-156\"\/><\/a><\/figure>\n<\/div>\n\n<div class=\"wp-block-image\">\n<figure class=\"aligncenter size-full\"><a href=\"https:\/\/prosveta.gov.rs\"><img loading=\"lazy\" decoding=\"async\" width=\"207\" height=\"112\" src=\"http:\/\/tehnickaskolamedvedja.edu.rs\/wp-content\/uploads\/2024\/02\/drzavna_matura_bane.jpg\" alt=\"\" class=\"wp-image-141\"\/><\/a><\/figure>\n<\/div>\n\n<div class=\"wp-block-image\">\n<figure class=\"aligncenter size-full\"><a href=\"https:\/\/www.medvedja.ls.gov.rs\/\"><img loading=\"lazy\" decoding=\"async\" width=\"211\" height=\"239\" src=\"http:\/\/tehnickaskolamedvedja.edu.rs\/wp-content\/uploads\/2023\/12\/opstina-medvedja-logo.jpg\" alt=\"\" class=\"wp-image-79\"\/><\/a><\/figure>\n<\/div><\/div>\n<\/div>\n","protected":false},"excerpt":{"rendered":"<p>\u0160kola je osnovana Odlukom SO-e Medve\u0111a br. 01-4046 od 20. avgusta 1964. godine pod naznvom &#8220;\u0160kola u\u010denika u privredi me\u0161ovitog tipa&#8221;. Kao \u0161kola za kvalifikovane radnike &#8220;Nikola Tesla&#8221; u Medve\u0111i registrovana je 22.01.1974. godine kod privrednog suda u Leskovcu. Ovo ime nosi do 30.05.1983. godine kada se registruje kao &#8211; Obrazovni centar &#8220;Nikola Tesla&#8221; u [&hellip;]<\/p>\n","protected":false},"author":1,"featured_media":0,"parent":0,"menu_order":0,"comment_status":"closed","ping_status":"open","template":"","meta":{"_regular_price":[],"currency_symbol":[],"_monsterinsights_skip_tracking":false,"_monsterinsights_sitenote_active":false,"_monsterinsights_sitenote_note":"","_monsterinsights_sitenote_category":0,"footnotes":""},"class_list":["post-2","page","type-page","status-publish","hentry"],"aioseo_notices":[],"post_slider_layout_featured_media_urls":{"thumbnail":"","post_slider_layout_landscape_large":"","post_slider_layout_portrait_large":"","post_slider_layout_square_large":"","post_slider_layout_landscape":"","post_slider_layout_portrait":"","post_slider_layout_square":"","full":""},"_links":{"self":[{"href":"https:\/\/tehnickaskolamedvedja.edu.rs\/index.php?rest_route=\/wp\/v2\/pages\/2","targetHints":{"allow":["GET"]}}],"collection":[{"href":"https:\/\/tehnickaskolamedvedja.edu.rs\/index.php?rest_route=\/wp\/v2\/pages"}],"about":[{"href":"https:\/\/tehnickaskolamedvedja.edu.rs\/index.php?rest_route=\/wp\/v2\/types\/page"}],"author":[{"embeddable":true,"href":"https:\/\/tehnickaskolamedvedja.edu.rs\/index.php?rest_route=\/wp\/v2\/users\/1"}],"replies":[{"embeddable":true,"href":"https:\/\/tehnickaskolamedvedja.edu.rs\/index.php?rest_route=%2Fwp%2Fv2%2Fcomments&post=2"}],"version-history":[{"count":24,"href":"https:\/\/tehnickaskolamedvedja.edu.rs\/index.php?rest_route=\/wp\/v2\/pages\/2\/revisions"}],"predecessor-version":[{"id":176,"href":"https:\/\/tehnickaskolamedvedja.edu.rs\/index.php?rest_route=\/wp\/v2\/pages\/2\/revisions\/176"}],"wp:attachment":[{"href":"https:\/\/tehnickaskolamedvedja.edu.rs\/index.php?rest_route=%2Fwp%2Fv2%2Fmedia&parent=2"}],"curies":[{"name":"wp","href":"https:\/\/api.w.org\/{rel}","templated":true}]}}