{"id":211,"date":"2026-02-27T07:13:29","date_gmt":"2026-02-27T07:13:29","guid":{"rendered":"https:\/\/tehnickaskolamedvedja.edu.rs\/?page_id=211"},"modified":"2026-02-27T07:24:01","modified_gmt":"2026-02-27T07:24:01","slug":"masinski-tehnicar-motornih-vozila","status":"publish","type":"page","link":"https:\/\/tehnickaskolamedvedja.edu.rs\/?page_id=211","title":{"rendered":"Ma\u0161inski tehni\u010dar motornih vozila"},"content":{"rendered":"\n<h4 class=\"wp-block-heading\">Ma\u0161inski tehni\u010dar motornih vozila<\/h4>\n\n\n\n<p>Ovaj obrazovni profil je formiran sa namerom da omogu\u0107i u\u010denicima sticanje neophodnog teorijskog i prakti\u010dnog znanja o motorima, motornim vozilima i njihovoj opremi, pravilnoj eksploataciji, odr\u017eavanju, elementima automatizacije i dijagnostici ispravnosti motora i motornih vozila.<\/p>\n\n\n\n<p>Tokom \u010detvorogodi\u0161njeg \u0161kolovanja u\u010denici se osposobljavaju za:<\/p>\n\n\n\n<ul class=\"wp-block-list\">\n<li>Dijagnostiku ispravnosti motora i motornih vozila<\/li>\n\n\n\n<li>Operativno vo\u0111enje popravke i servisiranja vozila u servisu, kao i tehnolo\u0161kog postupka popravke<\/li>\n\n\n\n<li>Operativno vo\u0111enje tehni\u010dkog pregleda<\/li>\n\n\n\n<li>Pra\u0107enje eksploataciono tehni\u010dkih karakteristika vozila<\/li>\n\n\n\n<li>Operativno pra\u0107enje remonta motornih vozila<\/li>\n\n\n\n<li>Pra\u0107enje potreba za rezervnim delovima<\/li>\n\n\n\n<li>Operativno pra\u0107enje proizvodnje i odr\u017eavanja motornih vozila<\/li>\n<\/ul>\n\n\n\n<p>Posle zavr\u0161enog \u0161kolovanja maturantima se pru\u017ea mogu\u0107nost zapo\u0161ljavanja u:<\/p>\n\n\n\n<ul class=\"wp-block-list\">\n<li>autoindustriji<\/li>\n\n\n\n<li>auto servisima<\/li>\n\n\n\n<li>servisima za tehni\u010dki pregled<\/li>\n\n\n\n<li>MUP-u<\/li>\n\n\n\n<li>Vojsci<\/li>\n\n\n\n<li>Privatni biznis<\/li>\n<\/ul>\n\n\n\n<p>\u0160kolovanjem na ovom obrazovnom profilu u\u010denicima se otvara mogu\u0107nost daljeg \u0161kolovanja na fakultetima:<\/p>\n\n\n\n<ul class=\"wp-block-list\">\n<li>Ma\u0161inski,<\/li>\n\n\n\n<li>tehnolo\u0161ki,<\/li>\n\n\n\n<li>elektrotehni\u010dki,<\/li>\n\n\n\n<li>saobra\u0107ajni,<\/li>\n\n\n\n<li>FON,<\/li>\n\n\n\n<li>matemati\u010dki,<\/li>\n\n\n\n<li>policijska ili vojna akademija,<\/li>\n<\/ul>\n\n\n\n<p>ili na vi\u0161im \u0161kolama:<\/p>\n\n\n\n<ul class=\"wp-block-list\">\n<li>ma\u0161inska<\/li>\n\n\n\n<li>tehni\u010dko \u2013 informati\u010dka<\/li>\n\n\n\n<li>elektrotehni\u010dka<\/li>\n\n\n\n<li>saobra\u0107ajna<\/li>\n\n\n\n<li>unutra\u0161njih poslova<\/li>\n\n\n\n<li>ekonomska<\/li>\n\n\n\n<li>poslovna<\/li>\n<\/ul>\n\n\n\n<p>Osim toga, u\u010denici \u0107e tokom \u0161kolovanja biti obu\u010deni i o osnovnim elementima za\u0161tite na radu, organizacije rada, komunikaciji, kao i potrebom za permanentnim usavr\u0161avanjem.<\/p>\n\n\n\n<p>U toku \u0161kolovanja u\u010denicima se omogu\u0107ava prakti\u010dan rad u auto-servisima, tehni\u010dkim pregledima, gara\u017eama a kao obavezan deo nastave omogu\u0107ava se obuka za voza\u010da B kategorije.<\/p>\n\n\n\n<p>Tako\u0111e se organizuju posete firmama sajmovima, osiguravaju\u0107im ku\u0107ama i projektantskim biroima gde se u\u010denici mogu bli\u017ee upoznati sa konkretnim poslovima kojima se bavi stru\u010dnjak ovog profila.<\/p>\n\n\n\n<p>U o\u010dekivanju je i saradnja sa \u0161kolskim centrima poznatih firmi (npr Renault). U okviru ove saradnje najboljim u\u010denicima bi bile omogu\u0107ene posete seminarima, poha\u0111anje prakti\u010dne nastave u njihovim servisima, kao i posete njihovom centrima. Cilj saradnje sa ma\u0161inskom \u0161kolom je pronala\u017eenje najboljih u\u010denika zainteresovanih za budu\u0107e zaposlenje u centrima firme Renault ili neke druge sa kojom \u0161kola sara\u0111uje.<\/p>\n\n\n<div class=\"wp-block-image\">\n<figure class=\"aligncenter size-full\"><img loading=\"lazy\" decoding=\"async\" width=\"800\" height=\"496\" src=\"http:\/\/tehnickaskolamedvedja.edu.rs\/wp-content\/uploads\/2026\/02\/mehanik-31821fa7.jpeg\" alt=\"\" class=\"wp-image-221\" srcset=\"https:\/\/tehnickaskolamedvedja.edu.rs\/wp-content\/uploads\/2026\/02\/mehanik-31821fa7.jpeg 800w, https:\/\/tehnickaskolamedvedja.edu.rs\/wp-content\/uploads\/2026\/02\/mehanik-31821fa7-300x186.jpeg 300w, https:\/\/tehnickaskolamedvedja.edu.rs\/wp-content\/uploads\/2026\/02\/mehanik-31821fa7-768x476.jpeg 768w\" sizes=\"auto, (max-width: 800px) 100vw, 800px\" \/><\/figure>\n<\/div>","protected":false},"excerpt":{"rendered":"<p>Ma\u0161inski tehni\u010dar motornih vozila Ovaj obrazovni profil je formiran sa namerom da omogu\u0107i u\u010denicima sticanje neophodnog teorijskog i prakti\u010dnog znanja o motorima, motornim vozilima i njihovoj opremi, pravilnoj eksploataciji, odr\u017eavanju, elementima automatizacije i dijagnostici ispravnosti motora i motornih vozila. Tokom \u010detvorogodi\u0161njeg \u0161kolovanja u\u010denici se osposobljavaju za: Posle zavr\u0161enog \u0161kolovanja maturantima se pru\u017ea mogu\u0107nost zapo\u0161ljavanja u: [&hellip;]<\/p>\n","protected":false},"author":1,"featured_media":0,"parent":0,"menu_order":0,"comment_status":"closed","ping_status":"closed","template":"","meta":{"_regular_price":[],"currency_symbol":[],"_monsterinsights_skip_tracking":false,"_monsterinsights_sitenote_active":false,"_monsterinsights_sitenote_note":"","_monsterinsights_sitenote_category":0,"footnotes":""},"class_list":["post-211","page","type-page","status-publish","hentry"],"aioseo_notices":[],"post_slider_layout_featured_media_urls":{"thumbnail":"","post_slider_layout_landscape_large":"","post_slider_layout_portrait_large":"","post_slider_layout_square_large":"","post_slider_layout_landscape":"","post_slider_layout_portrait":"","post_slider_layout_square":"","full":""},"_links":{"self":[{"href":"https:\/\/tehnickaskolamedvedja.edu.rs\/index.php?rest_route=\/wp\/v2\/pages\/211","targetHints":{"allow":["GET"]}}],"collection":[{"href":"https:\/\/tehnickaskolamedvedja.edu.rs\/index.php?rest_route=\/wp\/v2\/pages"}],"about":[{"href":"https:\/\/tehnickaskolamedvedja.edu.rs\/index.php?rest_route=\/wp\/v2\/types\/page"}],"author":[{"embeddable":true,"href":"https:\/\/tehnickaskolamedvedja.edu.rs\/index.php?rest_route=\/wp\/v2\/users\/1"}],"replies":[{"embeddable":true,"href":"https:\/\/tehnickaskolamedvedja.edu.rs\/index.php?rest_route=%2Fwp%2Fv2%2Fcomments&post=211"}],"version-history":[{"count":2,"href":"https:\/\/tehnickaskolamedvedja.edu.rs\/index.php?rest_route=\/wp\/v2\/pages\/211\/revisions"}],"predecessor-version":[{"id":222,"href":"https:\/\/tehnickaskolamedvedja.edu.rs\/index.php?rest_route=\/wp\/v2\/pages\/211\/revisions\/222"}],"wp:attachment":[{"href":"https:\/\/tehnickaskolamedvedja.edu.rs\/index.php?rest_route=%2Fwp%2Fv2%2Fmedia&parent=211"}],"curies":[{"name":"wp","href":"https:\/\/api.w.org\/{rel}","templated":true}]}}