{"id":214,"date":"2026-02-27T07:17:52","date_gmt":"2026-02-27T07:17:52","guid":{"rendered":"https:\/\/tehnickaskolamedvedja.edu.rs\/?page_id=214"},"modified":"2026-02-27T07:21:40","modified_gmt":"2026-02-27T07:21:40","slug":"ekonomski-tehnicar","status":"publish","type":"page","link":"https:\/\/tehnickaskolamedvedja.edu.rs\/?page_id=214","title":{"rendered":"Ekonomski tehni\u010dar"},"content":{"rendered":"\n<p>Ekonomski tehni\u010dar je\u00a0\u010detvorogodi\u0161nji obrazovni profil koji u\u010denicima pru\u017ea \u0161iroka teorijska i prakti\u010dna znanja iz oblasti ekonomije, prava i administracije. Ovaj smer priprema u\u010denike za rad u razli\u010ditim privrednim sektorima ili za nastavak \u0161kolovanja na fakultetima.\u00a0<\/p>\n\n\n\n<p>Klju\u010dne kompetencije i znanja<\/p>\n\n\n\n<p>Tokom \u0161kolovanja, u\u010denici savladavaju slede\u0107e oblasti:<\/p>\n\n\n\n<ul class=\"wp-block-list\">\n<li><strong>Knjigovodstvo i ra\u010dunovodstvo<\/strong>: Vo\u0111enje poslovnih knjiga i izrada finansijskih izve\u0161taja.<\/li>\n\n\n\n<li><strong>Finansijsko poslovanje<\/strong>: Upravljanje nov\u010danim tokovima i rad sa bankarskim transakcijama.<\/li>\n\n\n\n<li><strong>Poslovna administracija<\/strong>: Organizacija kancelarijskog poslovanja i korespodencija.<\/li>\n\n\n\n<li><strong>Marketing i trgovina<\/strong>: Osnove istra\u017eivanja tr\u017ei\u0161ta i komercijalni poslovi.<\/li>\n\n\n\n<li><strong>Pravo<\/strong>: Osnove privrednog i radnog prava relevantne za poslovanje.&nbsp;<\/li>\n<\/ul>\n\n\n\n<p>Mogu\u0107nosti zaposlenja<\/p>\n\n\n\n<p>Sa diplomom ekonomskog tehni\u010dara, mogu\u0107e je raditi u:<\/p>\n\n\n\n<ul class=\"wp-block-list\">\n<li><strong>Bankama i osiguravaju\u0107im dru\u0161tvima<\/strong>.<\/li>\n\n\n\n<li><strong>Knjigovodstvenim agencijama<\/strong>.<\/li>\n\n\n\n<li><strong>Privatnim i dr\u017eavnim preduze\u0107ima<\/strong>&nbsp;(sektori nabavke, prodaje, marketinga ili finansija).<\/li>\n\n\n\n<li><strong>Ustanovama dr\u017eavne uprave i lokalne samouprave<\/strong>.&nbsp;<\/li>\n<\/ul>\n\n\n\n<p>Nastavak \u0161kolovanja<\/p>\n\n\n\n<p>U\u010denici sti\u010du \u010detvrti stepen stru\u010dne spreme, \u0161to im omogu\u0107ava upis na:<\/p>\n\n\n\n<ul class=\"wp-block-list\">\n<li><strong>Ekonomski fakultet<\/strong>&nbsp;(naj\u010de\u0161\u0107i izbor).<\/li>\n\n\n\n<li><strong>Pravni fakultet<\/strong>.<\/li>\n\n\n\n<li><strong>Fakultete organizacionih nauka i menad\u017ementa<\/strong>.<\/li>\n\n\n\n<li><strong>Druge visoko\u0161kolske ustanove<\/strong>&nbsp;dru\u0161tvenog ili humanisti\u010dkog smera.&nbsp;<\/li>\n<\/ul>\n\n\n\n<p><\/p>\n\n\n\n<p>Profil je dostupan kroz&nbsp;<strong>redovno \u0161kolovanje<\/strong>, ali i kroz programe&nbsp;<strong>prekvalifikacije i vanrednog obrazovanja<\/strong>&nbsp;za odrasle.<\/p>\n\n\n\n<figure class=\"wp-block-image size-large\"><img loading=\"lazy\" decoding=\"async\" width=\"1024\" height=\"512\" src=\"http:\/\/tehnickaskolamedvedja.edu.rs\/wp-content\/uploads\/2026\/02\/ekonomski-tehnicar-1024x512.jpg\" alt=\"\" class=\"wp-image-217\" srcset=\"https:\/\/tehnickaskolamedvedja.edu.rs\/wp-content\/uploads\/2026\/02\/ekonomski-tehnicar-1024x512.jpg 1024w, https:\/\/tehnickaskolamedvedja.edu.rs\/wp-content\/uploads\/2026\/02\/ekonomski-tehnicar-300x150.jpg 300w, https:\/\/tehnickaskolamedvedja.edu.rs\/wp-content\/uploads\/2026\/02\/ekonomski-tehnicar-768x384.jpg 768w, https:\/\/tehnickaskolamedvedja.edu.rs\/wp-content\/uploads\/2026\/02\/ekonomski-tehnicar-1536x768.jpg 1536w, https:\/\/tehnickaskolamedvedja.edu.rs\/wp-content\/uploads\/2026\/02\/ekonomski-tehnicar.jpg 1600w\" sizes=\"auto, (max-width: 1024px) 100vw, 1024px\" \/><\/figure>\n","protected":false},"excerpt":{"rendered":"<p>Ekonomski tehni\u010dar je\u00a0\u010detvorogodi\u0161nji obrazovni profil koji u\u010denicima pru\u017ea \u0161iroka teorijska i prakti\u010dna znanja iz oblasti ekonomije, prava i administracije. Ovaj smer priprema u\u010denike za rad u razli\u010ditim privrednim sektorima ili za nastavak \u0161kolovanja na fakultetima.\u00a0 Klju\u010dne kompetencije i znanja Tokom \u0161kolovanja, u\u010denici savladavaju slede\u0107e oblasti: Mogu\u0107nosti zaposlenja Sa diplomom ekonomskog tehni\u010dara, mogu\u0107e je raditi u: [&hellip;]<\/p>\n","protected":false},"author":1,"featured_media":0,"parent":0,"menu_order":0,"comment_status":"closed","ping_status":"closed","template":"","meta":{"_regular_price":[],"currency_symbol":[],"_monsterinsights_skip_tracking":false,"_monsterinsights_sitenote_active":false,"_monsterinsights_sitenote_note":"","_monsterinsights_sitenote_category":0,"footnotes":""},"class_list":["post-214","page","type-page","status-publish","hentry"],"aioseo_notices":[],"post_slider_layout_featured_media_urls":{"thumbnail":"","post_slider_layout_landscape_large":"","post_slider_layout_portrait_large":"","post_slider_layout_square_large":"","post_slider_layout_landscape":"","post_slider_layout_portrait":"","post_slider_layout_square":"","full":""},"_links":{"self":[{"href":"https:\/\/tehnickaskolamedvedja.edu.rs\/index.php?rest_route=\/wp\/v2\/pages\/214","targetHints":{"allow":["GET"]}}],"collection":[{"href":"https:\/\/tehnickaskolamedvedja.edu.rs\/index.php?rest_route=\/wp\/v2\/pages"}],"about":[{"href":"https:\/\/tehnickaskolamedvedja.edu.rs\/index.php?rest_route=\/wp\/v2\/types\/page"}],"author":[{"embeddable":true,"href":"https:\/\/tehnickaskolamedvedja.edu.rs\/index.php?rest_route=\/wp\/v2\/users\/1"}],"replies":[{"embeddable":true,"href":"https:\/\/tehnickaskolamedvedja.edu.rs\/index.php?rest_route=%2Fwp%2Fv2%2Fcomments&post=214"}],"version-history":[{"count":3,"href":"https:\/\/tehnickaskolamedvedja.edu.rs\/index.php?rest_route=\/wp\/v2\/pages\/214\/revisions"}],"predecessor-version":[{"id":220,"href":"https:\/\/tehnickaskolamedvedja.edu.rs\/index.php?rest_route=\/wp\/v2\/pages\/214\/revisions\/220"}],"wp:attachment":[{"href":"https:\/\/tehnickaskolamedvedja.edu.rs\/index.php?rest_route=%2Fwp%2Fv2%2Fmedia&parent=214"}],"curies":[{"name":"wp","href":"https:\/\/api.w.org\/{rel}","templated":true}]}}