{"id":58,"date":"2023-12-07T08:38:22","date_gmt":"2023-12-07T08:38:22","guid":{"rendered":"https:\/\/tehnickaskolamedvedja.edu.rs\/?page_id=58"},"modified":"2026-02-27T07:08:47","modified_gmt":"2026-02-27T07:08:47","slug":"58-2","status":"publish","type":"page","link":"https:\/\/tehnickaskolamedvedja.edu.rs\/?page_id=58","title":{"rendered":"Voza\u010d motornih vozila"},"content":{"rendered":"\n<p><strong>Informacije o obrazovnom profilu<\/strong><\/p>\n\n\n\n<p>\u0160ifra u Konkursu:&nbsp;<strong>JAME SA 3I11S<\/strong><\/p>\n\n\n\n<p>Naziv obrazovnog profila:&nbsp;voza\u010d motornih vozila<\/p>\n\n\n\n<p>Podru\u010dje rada:&nbsp;saobra\u0107aj<\/p>\n\n\n\n<p>Trajanje: 3&nbsp;godine<\/p>\n\n\n\n<p><strong>Broj u\u010denika koji se upisuje<\/strong>:&nbsp;<strong>30<\/strong><\/p>\n\n\n\n<p>Nastavni plan i program ovog obrazovnog profila omogu\u0107uje u\u010denicima da na \u010dasovima stru\u010dnih predmeta i \u010dasovima prakti\u010dne nastave steknu teorijska i prakti\u010dna znanja o motorima i motornim vozilima i na\u010dinu upravljanja istim.<\/p>\n\n\n<div class=\"wp-block-image is-style-default\">\n<figure class=\"aligncenter size-large is-resized\"><img loading=\"lazy\" decoding=\"async\" width=\"705\" height=\"1024\" src=\"https:\/\/tehnickaskolamedvedja.edu.rs\/wp-content\/uploads\/2023\/12\/dozvola-830x0-1-705x1024.jpg\" alt=\"\" class=\"wp-image-80\" style=\"width:177px;height:auto\" srcset=\"https:\/\/tehnickaskolamedvedja.edu.rs\/wp-content\/uploads\/2023\/12\/dozvola-830x0-1-705x1024.jpg 705w, https:\/\/tehnickaskolamedvedja.edu.rs\/wp-content\/uploads\/2023\/12\/dozvola-830x0-1-207x300.jpg 207w, https:\/\/tehnickaskolamedvedja.edu.rs\/wp-content\/uploads\/2023\/12\/dozvola-830x0-1-768x1115.jpg 768w, https:\/\/tehnickaskolamedvedja.edu.rs\/wp-content\/uploads\/2023\/12\/dozvola-830x0-1.jpg 830w\" sizes=\"auto, (max-width: 705px) 100vw, 705px\" \/><\/figure>\n<\/div>\n\n\n<p>Nakon zavr\u0161etka srednje \u0161kole u\u010denik \u0107e biti osposobljen daupravlja raznim motornim vozilima, kamionima. Prevozi robu i putnike, otklanja jednostavne kvarove na vozilu, vodi potrebnu dokumentaciju o prevozu tereta, nadzire utovar, istovar i za\u0161titu tereta tokom prevoza. Poznaje pravila u vezi s bezbedno\u0161\u0107u i regulisanjem saobra\u0107aja, transportna prava, saobra\u0107ajnu psihologiju, osnove puteva, ulica i parkirali\u0161ta.<\/p>\n\n\n\n<p>Prakti\u010dnim treningom i obu\u010davanjem tokom trogodi\u0161njeg \u0161kolovanja sti\u010de dozvole &#8220;B&#8221; i &#8220;C&#8221; kategorija za motorna vozila i vozila za prevoz tereta.<\/p>\n\n\n\n<p>Mo\u017ee da radi u malim ili velikim firmama za prevoz putnika i robe, u medicinskim ustanovama, komunalnim slu\u017ebama, u taksi udru\u017eenjima itd.<\/p>\n\n\n\n<p>Ukoliko \u017eeli mo\u017ee da se dokvalifikuje za voza\u010da specijalnih vozila ili da stekne specijalizaciju za instruktora vo\u017enje.<\/p>\n","protected":false},"excerpt":{"rendered":"<p>Informacije o obrazovnom profilu \u0160ifra u Konkursu:&nbsp;JAME SA 3I11S Naziv obrazovnog profila:&nbsp;voza\u010d motornih vozila Podru\u010dje rada:&nbsp;saobra\u0107aj Trajanje: 3&nbsp;godine Broj u\u010denika koji se upisuje:&nbsp;30 Nastavni plan i program ovog obrazovnog profila omogu\u0107uje u\u010denicima da na \u010dasovima stru\u010dnih predmeta i \u010dasovima prakti\u010dne nastave steknu teorijska i prakti\u010dna znanja o motorima i motornim vozilima i na\u010dinu upravljanja istim. [&hellip;]<\/p>\n","protected":false},"author":1,"featured_media":0,"parent":61,"menu_order":0,"comment_status":"closed","ping_status":"closed","template":"","meta":{"_regular_price":[],"currency_symbol":[],"_monsterinsights_skip_tracking":false,"_monsterinsights_sitenote_active":false,"_monsterinsights_sitenote_note":"","_monsterinsights_sitenote_category":0,"footnotes":""},"class_list":["post-58","page","type-page","status-publish","hentry"],"aioseo_notices":[],"post_slider_layout_featured_media_urls":{"thumbnail":"","post_slider_layout_landscape_large":"","post_slider_layout_portrait_large":"","post_slider_layout_square_large":"","post_slider_layout_landscape":"","post_slider_layout_portrait":"","post_slider_layout_square":"","full":""},"_links":{"self":[{"href":"https:\/\/tehnickaskolamedvedja.edu.rs\/index.php?rest_route=\/wp\/v2\/pages\/58","targetHints":{"allow":["GET"]}}],"collection":[{"href":"https:\/\/tehnickaskolamedvedja.edu.rs\/index.php?rest_route=\/wp\/v2\/pages"}],"about":[{"href":"https:\/\/tehnickaskolamedvedja.edu.rs\/index.php?rest_route=\/wp\/v2\/types\/page"}],"author":[{"embeddable":true,"href":"https:\/\/tehnickaskolamedvedja.edu.rs\/index.php?rest_route=\/wp\/v2\/users\/1"}],"replies":[{"embeddable":true,"href":"https:\/\/tehnickaskolamedvedja.edu.rs\/index.php?rest_route=%2Fwp%2Fv2%2Fcomments&post=58"}],"version-history":[{"count":3,"href":"https:\/\/tehnickaskolamedvedja.edu.rs\/index.php?rest_route=\/wp\/v2\/pages\/58\/revisions"}],"predecessor-version":[{"id":209,"href":"https:\/\/tehnickaskolamedvedja.edu.rs\/index.php?rest_route=\/wp\/v2\/pages\/58\/revisions\/209"}],"up":[{"embeddable":true,"href":"https:\/\/tehnickaskolamedvedja.edu.rs\/index.php?rest_route=\/wp\/v2\/pages\/61"}],"wp:attachment":[{"href":"https:\/\/tehnickaskolamedvedja.edu.rs\/index.php?rest_route=%2Fwp%2Fv2%2Fmedia&parent=58"}],"curies":[{"name":"wp","href":"https:\/\/api.w.org\/{rel}","templated":true}]}}